{"id":48,"date":"2023-03-25T01:43:00","date_gmt":"2023-03-25T04:43:00","guid":{"rendered":"https:\/\/uccuyo.com.ar\/ism\/?page_id=48"},"modified":"2023-09-14T15:43:18","modified_gmt":"2023-09-14T18:43:18","slug":"historia-institucional","status":"publish","type":"page","link":"https:\/\/ism.uccuyo.edu.ar\/es-ar\/index.php\/historia-institucional\/","title":{"rendered":"Ideario Institucional"},"content":{"rendered":"\n[et_pb_section fb_built=\u00bb1&#8243; _builder_version=\u00bb4.17.3&#8243; _module_preset=\u00bbdefault\u00bb custom_padding=\u00bb||0px||false|false\u00bb global_colors_info=\u00bb{}\u00bb][et_pb_row column_structure=\u00bb1_2,1_2&#8243; _builder_version=\u00bb4.17.3&#8243; _module_preset=\u00bbdefault\u00bb width=\u00bb100%\u00bb width_tablet=\u00bb100%\u00bb width_phone=\u00bb80%\u00bb width_last_edited=\u00bbon|phone\u00bb max_width=\u00bb1101.6px\u00bb max_width_tablet=\u00bb1101.6px\u00bb max_width_phone=\u00bb1101.6px\u00bb max_width_last_edited=\u00bbon|phone\u00bb custom_padding=\u00bb||85px||false|false\u00bb border_width_bottom=\u00bb1px\u00bb border_color_bottom=\u00bb#8286D5&#8243; global_colors_info=\u00bb{}\u00bb][et_pb_column type=\u00bb1_2&#8243; _builder_version=\u00bb4.17.3&#8243; _module_preset=\u00bbdefault\u00bb global_colors_info=\u00bb{}\u00bb][et_pb_text _builder_version=\u00bb4.17.3&#8243; _module_preset=\u00bbdefault\u00bb text_font=\u00bbDroid Serif Bold||||||||\u00bb text_text_color=\u00bb#8286D5&#8243; text_font_size=\u00bb20px\u00bb text_line_height=\u00bb1.2em\u00bb custom_padding=\u00bb||||false|false\u00bb global_colors_info=\u00bb{}\u00bb]<p>IDEARIO INSTITUCIONAL<\/p>[\/et_pb_text][et_pb_text _builder_version=\u00bb4.17.3&#8243; _module_preset=\u00bbdefault\u00bb text_font=\u00bbDroid Serif Italic||||||||\u00bb text_text_color=\u00bb#6f6f6e\u00bb text_font_size=\u00bb15px\u00bb text_line_height=\u00bb1.5em\u00bb text_orientation=\u00bbjustified\u00bb width=\u00bb95%\u00bb width_tablet=\u00bb95%\u00bb width_phone=\u00bbauto\u00bb width_last_edited=\u00bbon|phone\u00bb module_alignment=\u00bbleft\u00bb module_alignment_tablet=\u00bbleft\u00bb module_alignment_phone=\u00bbleft\u00bb module_alignment_last_edited=\u00bbon|phone\u00bb global_colors_info=\u00bb{}\u00bb]<p>El ISFD SM es una instituci\u00f3n perteneciente a la educaci\u00f3n p\u00fablica de gesti\u00f3n privada, siendo la Universidad Cat\u00f3lica de Cuyo, la entidad propietaria. Sus notas identitarias se encuentran explicitadas en la Misi\u00f3n, Visi\u00f3n y Objetivos puestos de manifiesto en el Proyecto Educativo Institucional (PEI).<br \/>El Instituto \u201cSanta Mar\u00eda\u201d fue creado para responder a la necesidad que ten\u00eda la provincia de contar con docentes futuros profesionales altamente capacitados y comprometidos con los valores del Evangelio. Desde su creaci\u00f3n pretende contribuir al desarrollo de la sociedad con un proyecto que conjuga F\u00c9 Y CULTURA. F\u00c9 Y FORMACI\u00d3N DOCENTE.<\/p>[\/et_pb_text][\/et_pb_column][et_pb_column type=\u00bb1_2&#8243; _builder_version=\u00bb4.17.3&#8243; _module_preset=\u00bbdefault\u00bb global_colors_info=\u00bb{}\u00bb][et_pb_text _builder_version=\u00bb4.17.3&#8243; _module_preset=\u00bbdefault\u00bb text_font=\u00bbDroid Serif Italic||||||||\u00bb text_text_color=\u00bb#6f6f6e\u00bb text_font_size=\u00bb15px\u00bb text_line_height=\u00bb1.5em\u00bb text_orientation=\u00bbjustified\u00bb width=\u00bb95%\u00bb width_tablet=\u00bb95%\u00bb width_phone=\u00bbauto\u00bb width_last_edited=\u00bbon|phone\u00bb module_alignment=\u00bbright\u00bb custom_margin=\u00bb||||false|false\u00bb custom_padding=\u00bb55px||||false|false\u00bb custom_padding_tablet=\u00bb55px||||false|false\u00bb custom_padding_phone=\u00bb40px||||false|false\u00bb custom_padding_last_edited=\u00bbon|phone\u00bb module_alignment_tablet=\u00bbright\u00bb module_alignment_phone=\u00bbleft\u00bb module_alignment_last_edited=\u00bbon|phone\u00bb global_colors_info=\u00bb{}\u00bb]<p>Nace y se desarrolla el Instituto Santa Mar\u00eda en un contexto pol\u00edtico &#8211; educativo de grandes cambios, no obstante, en \u00e9l se trabaja con el af\u00e1n de contribuir efectivamente a superar la coyuntura educativa, adapt\u00e1ndose paulatinamente a los requerimientos que para la formaci\u00f3n superior se establezcan, sin perder el sello distintivo: la formaci\u00f3n docente con una clara adhesi\u00f3n a los valores evang\u00e9licos. Sumado a ello, la formaci\u00f3n en otras \u00e1reas disciplinares y tem\u00e1ticas que la sociedad demande, con el prop\u00f3sito de ser un centro evangelizador a trav\u00e9s de la formaci\u00f3n acad\u00e9mica.<\/p>[\/et_pb_text][\/et_pb_column][\/et_pb_row][\/et_pb_section][et_pb_section fb_built=\u00bb1&#8243; _builder_version=\u00bb4.17.3&#8243; _module_preset=\u00bbdefault\u00bb global_colors_info=\u00bb{}\u00bb][et_pb_row column_structure=\u00bb1_2,1_2&#8243; _builder_version=\u00bb4.17.3&#8243; _module_preset=\u00bbdefault\u00bb width=\u00bb100%\u00bb width_tablet=\u00bb100%\u00bb width_phone=\u00bb80%\u00bb width_last_edited=\u00bbon|phone\u00bb max_width=\u00bb1101.6px\u00bb custom_padding=\u00bb||||false|false\u00bb global_colors_info=\u00bb{}\u00bb][et_pb_column type=\u00bb1_2&#8243; _builder_version=\u00bb4.17.3&#8243; _module_preset=\u00bbdefault\u00bb global_colors_info=\u00bb{}\u00bb][et_pb_text _builder_version=\u00bb4.17.3&#8243; _module_preset=\u00bbdefault\u00bb text_font=\u00bbDroid Serif Clasic||||||||\u00bb text_text_color=\u00bbrgba(130,134,213,0.97)\u00bb text_font_size=\u00bb19.4px\u00bb text_line_height=\u00bb1.2em\u00bb width_tablet=\u00bb\u00bb width_phone=\u00bb\u00bb width_last_edited=\u00bbon|phone\u00bb custom_padding=\u00bb||||false|false\u00bb global_colors_info=\u00bb{}\u00bb]<p>Concepci\u00f3n antropol\u00f3gica<\/p>[\/et_pb_text][et_pb_text _builder_version=\u00bb4.17.3&#8243; _module_preset=\u00bbdefault\u00bb text_font=\u00bbDroid Serif Clasic||||||||\u00bb text_text_color=\u00bbrgba(38,38,38,0.43)\u00bb text_orientation=\u00bbjustified\u00bb width=\u00bb93%\u00bb width_tablet=\u00bb93%\u00bb width_phone=\u00bbauto\u00bb width_last_edited=\u00bbon|phone\u00bb module_alignment=\u00bbleft\u00bb module_alignment_tablet=\u00bbleft\u00bb module_alignment_phone=\u00bbleft\u00bb module_alignment_last_edited=\u00bbon|phone\u00bb global_colors_info=\u00bb{}\u00bb]<p>Se considera al hombre como persona en tanto unidad bio-ps\u00edco-socio-cultural-\u00e9tica, est\u00e9tica y trascendente, guiado por valores universales que dan sentido a la vida humana desde un orden natural.<\/p>[\/et_pb_text][et_pb_text _builder_version=\u00bb4.17.3&#8243; _module_preset=\u00bbdefault\u00bb text_font=\u00bbDroid Serif Clasic||||||||\u00bb text_text_color=\u00bbrgba(130,134,213,0.97)\u00bb text_font_size=\u00bb19.4px\u00bb text_line_height=\u00bb1.2em\u00bb width_tablet=\u00bb\u00bb width_phone=\u00bb\u00bb width_last_edited=\u00bbon|phone\u00bb custom_padding=\u00bb||||false|false\u00bb module_alignment_tablet=\u00bb\u00bb module_alignment_phone=\u00bb\u00bb module_alignment_last_edited=\u00bbon|phone\u00bb global_colors_info=\u00bb{}\u00bb]<p>Concepci\u00f3n de sociedad<\/p>[\/et_pb_text][et_pb_text _builder_version=\u00bb4.17.3&#8243; _module_preset=\u00bbdefault\u00bb text_font=\u00bbDroid Serif Clasic||||||||\u00bb text_text_color=\u00bbrgba(38,38,38,0.43)\u00bb text_orientation=\u00bbjustified\u00bb width=\u00bb93%\u00bb width_tablet=\u00bb93%\u00bb width_phone=\u00bbauto\u00bb width_last_edited=\u00bbon|phone\u00bb module_alignment=\u00bbleft\u00bb module_alignment_tablet=\u00bbleft\u00bb module_alignment_phone=\u00bbleft\u00bb module_alignment_last_edited=\u00bbon|phone\u00bb global_colors_info=\u00bb{}\u00bb]<p>Se reconoce a la sociedad como una realidad de orden natural donde se desarrollan el respeto a la justicia, a los derechos humanos universales, a la paz y a la vida.<br \/>Se reconoce al Estado como regulador y garante del bien com\u00fan. Como principal responsable de las acciones educativas y de su calidad.<br \/>Se promueve el respeto al marco jur\u00eddico que reconoce y reglamenta el derecho constitucional de ense\u00f1ar y aprender.<\/p>[\/et_pb_text][et_pb_text _builder_version=\u00bb4.17.3&#8243; _module_preset=\u00bbdefault\u00bb text_font=\u00bbDroid Serif Clasic||||||||\u00bb text_text_color=\u00bbrgba(130,134,213,0.97)\u00bb text_font_size=\u00bb19.4px\u00bb text_line_height=\u00bb1.2em\u00bb width_tablet=\u00bb\u00bb width_phone=\u00bb\u00bb width_last_edited=\u00bbon|phone\u00bb custom_padding=\u00bb||||false|false\u00bb module_alignment_tablet=\u00bb\u00bb module_alignment_phone=\u00bb\u00bb module_alignment_last_edited=\u00bbon|phone\u00bb global_colors_info=\u00bb{}\u00bb]<p>Concepci\u00f3n de educaci\u00f3n<\/p>[\/et_pb_text][et_pb_text _builder_version=\u00bb4.17.3&#8243; _module_preset=\u00bbdefault\u00bb text_font=\u00bbDroid Serif Clasic||||||||\u00bb text_text_color=\u00bbrgba(38,38,38,0.43)\u00bb text_orientation=\u00bbjustified\u00bb width=\u00bb93%\u00bb width_tablet=\u00bb93%\u00bb width_phone=\u00bbauto\u00bb width_last_edited=\u00bbon|phone\u00bb module_alignment=\u00bbleft\u00bb custom_margin=\u00bb-7px||||false|false\u00bb custom_padding=\u00bb||||false|false\u00bb module_alignment_tablet=\u00bbleft\u00bb module_alignment_phone=\u00bbleft\u00bb module_alignment_last_edited=\u00bbon|phone\u00bb global_colors_info=\u00bb{}\u00bb]<p>Se reconoce a la educaci\u00f3n como un proceso de formaci\u00f3n integral de la persona humana.<\/p>[\/et_pb_text][\/et_pb_column][et_pb_column type=\u00bb1_2&#8243; _builder_version=\u00bb4.17.3&#8243; _module_preset=\u00bbdefault\u00bb global_colors_info=\u00bb{}\u00bb][et_pb_text _builder_version=\u00bb4.17.3&#8243; _module_preset=\u00bbdefault\u00bb text_font=\u00bbDroid Serif Clasic||||||||\u00bb text_text_color=\u00bbrgba(38,38,38,0.43)\u00bb text_line_height=\u00bb1.8em\u00bb text_orientation=\u00bbjustified\u00bb width=\u00bb92%\u00bb width_tablet=\u00bb92%\u00bb width_phone=\u00bbauto\u00bb width_last_edited=\u00bbon|phone\u00bb module_alignment=\u00bbright\u00bb module_alignment_tablet=\u00bbright\u00bb module_alignment_phone=\u00bb\u00bb module_alignment_last_edited=\u00bbon|phone\u00bb global_colors_info=\u00bb{}\u00bb]<p>Se concibe como un derecho humano fundamental, como derecho-deber de la familia y la sociedad y como obligaci\u00f3n permanente e inalienable del Estado.<br \/>Se reconoce la funci\u00f3n de la educaci\u00f3n como personalista, personalizada y personalizante.<br \/>Se considera a la educaci\u00f3n como medio insustituible en la b\u00fasqueda de la verdad.<br \/>Se reconoce como un di\u00e1logo entre fe, ciencia, cultura y vida.<\/p>[\/et_pb_text][et_pb_text _builder_version=\u00bb4.17.3&#8243; _module_preset=\u00bbdefault\u00bb text_font=\u00bbDroid Serif Clasic||||||||\u00bb text_text_color=\u00bbrgba(130,134,213,0.97)\u00bb text_font_size=\u00bb19.4px\u00bb text_line_height=\u00bb1.2em\u00bb width_tablet=\u00bb\u00bb width_phone=\u00bb\u00bb width_last_edited=\u00bbon|phone\u00bb custom_padding=\u00bb|||41px|false|false\u00bb custom_padding_tablet=\u00bb|||41px|false|false\u00bb custom_padding_phone=\u00bb|||0px|false|false\u00bb custom_padding_last_edited=\u00bbon|phone\u00bb module_alignment_tablet=\u00bb\u00bb module_alignment_phone=\u00bb\u00bb module_alignment_last_edited=\u00bbon|phone\u00bb global_colors_info=\u00bb{}\u00bb]<p>Concepci\u00f3n de instituci\u00f3n educativa<\/p>[\/et_pb_text][et_pb_text _builder_version=\u00bb4.17.3&#8243; _module_preset=\u00bbdefault\u00bb text_font=\u00bbDroid Serif Clasic||||||||\u00bb text_text_color=\u00bbrgba(38,38,38,0.43)\u00bb text_orientation=\u00bbjustified\u00bb width=\u00bb92%\u00bb width_tablet=\u00bb92%\u00bb width_phone=\u00bbauto\u00bb width_last_edited=\u00bbon|phone\u00bb module_alignment=\u00bbright\u00bb module_alignment_tablet=\u00bbright\u00bb module_alignment_phone=\u00bbright\u00bb module_alignment_last_edited=\u00bbon|phone\u00bb global_colors_info=\u00bb{}\u00bb]<p>Se concibe a la comunidad educativa como \u00e1mbito de formaci\u00f3n integral de la persona a trav\u00e9s de la comunicaci\u00f3n permanente, la promoci\u00f3n de los valores universales y la preparaci\u00f3n para la vida personal y profesional.<br \/>Como comunidad educativa cat\u00f3lica se asume el compromiso de una acci\u00f3n definida de pastoral educativa. En tanto comunidad abierta, formadora de estudiantes solidarios que sean capaces de la sensibilidad para percibir las problem\u00e1ticas reales del medio y generar posibles soluciones.<\/p>[\/et_pb_text][\/et_pb_column][\/et_pb_row][\/et_pb_section]\n","protected":false},"excerpt":{"rendered":"<p>IDEARIO INSTITUCIONALEl ISFD SM es una instituci\u00f3n perteneciente a la educaci\u00f3n p\u00fablica de gesti\u00f3n privada, siendo la Universidad Cat\u00f3lica de Cuyo, la entidad propietaria. Sus notas identitarias se encuentran explicitadas en la Misi\u00f3n, Visi\u00f3n y Objetivos puestos de manifiesto en el Proyecto Educativo Institucional (PEI).El Instituto \u201cSanta Mar\u00eda\u201d fue creado para responder a la necesidad [&hellip;]<\/p>\n","protected":false},"author":2,"featured_media":0,"parent":0,"menu_order":2,"comment_status":"closed","ping_status":"closed","template":"","meta":{"_et_pb_use_builder":"on","_et_pb_old_content":"<!-- wp:divi\/placeholder \/-->","_et_gb_content_width":"","footnotes":""},"class_list":["post-48","page","type-page","status-publish","hentry"],"_links":{"self":[{"href":"https:\/\/ism.uccuyo.edu.ar\/es-ar\/index.php\/wp-json\/wp\/v2\/pages\/48","targetHints":{"allow":["GET"]}}],"collection":[{"href":"https:\/\/ism.uccuyo.edu.ar\/es-ar\/index.php\/wp-json\/wp\/v2\/pages"}],"about":[{"href":"https:\/\/ism.uccuyo.edu.ar\/es-ar\/index.php\/wp-json\/wp\/v2\/types\/page"}],"author":[{"embeddable":true,"href":"https:\/\/ism.uccuyo.edu.ar\/es-ar\/index.php\/wp-json\/wp\/v2\/users\/2"}],"replies":[{"embeddable":true,"href":"https:\/\/ism.uccuyo.edu.ar\/es-ar\/index.php\/wp-json\/wp\/v2\/comments?post=48"}],"version-history":[{"count":49,"href":"https:\/\/ism.uccuyo.edu.ar\/es-ar\/index.php\/wp-json\/wp\/v2\/pages\/48\/revisions"}],"predecessor-version":[{"id":1381,"href":"https:\/\/ism.uccuyo.edu.ar\/es-ar\/index.php\/wp-json\/wp\/v2\/pages\/48\/revisions\/1381"}],"wp:attachment":[{"href":"https:\/\/ism.uccuyo.edu.ar\/es-ar\/index.php\/wp-json\/wp\/v2\/media?parent=48"}],"curies":[{"name":"wp","href":"https:\/\/api.w.org\/{rel}","templated":true}]}}