{"id":190,"date":"2023-04-05T18:35:08","date_gmt":"2023-04-05T21:35:08","guid":{"rendered":"https:\/\/ism.uccuyo.edu.ar\/es-ar\/index.php\/profesorado-de-educacion-primaria-2\/"},"modified":"2025-09-26T17:06:40","modified_gmt":"2025-09-26T20:06:40","slug":"profesor-en-ciencias-sagradas","status":"publish","type":"page","link":"https:\/\/ism.uccuyo.edu.ar\/es-ar\/index.php\/profesor-en-ciencias-sagradas\/","title":{"rendered":"Profesor en Ciencias Sagradas"},"content":{"rendered":"<p>[et_pb_section fb_built=\u00bb1&#8243; custom_padding_last_edited=\u00bbon|phone\u00bb _builder_version=\u00bb4.17.3&#8243; _module_preset=\u00bbdefault\u00bb background_image=\u00bbhttps:\/\/ism.uccuyo.edu.ar\/es-ar\/wp-content\/uploads\/2023\/05\/imagen-fondo-prof.-cs.-sagragadas.jpg\u00bb height_tablet=\u00bb\u00bb height_phone=\u00bb100px\u00bb height_last_edited=\u00bbon|phone\u00bb custom_margin=\u00bb||||false|false\u00bb custom_padding=\u00bb125px||91.75px||false|false\u00bb custom_padding_tablet=\u00bb125px||91.75px||false|false\u00bb custom_padding_phone=\u00bb110px||115px||false|false\u00bb da_disable_devices=\u00bboff|off|off\u00bb locked=\u00bboff\u00bb global_colors_info=\u00bb{}\u00bb da_is_popup=\u00bboff\u00bb da_exit_intent=\u00bboff\u00bb da_has_close=\u00bbon\u00bb da_alt_close=\u00bboff\u00bb da_dark_close=\u00bboff\u00bb da_not_modal=\u00bbon\u00bb da_is_singular=\u00bboff\u00bb da_with_loader=\u00bboff\u00bb da_has_shadow=\u00bbon\u00bb][et_pb_row _builder_version=\u00bb4.17.3&#8243; _module_preset=\u00bbdefault\u00bb module_alignment=\u00bbleft\u00bb custom_margin=\u00bb0px||0px||false|false\u00bb custom_padding=\u00bb0px||0px||false|false\u00bb global_colors_info=\u00bb{}\u00bb][et_pb_column type=\u00bb4_4&#8243; _builder_version=\u00bb4.17.3&#8243; _module_preset=\u00bbdefault\u00bb global_colors_info=\u00bb{}\u00bb][et_pb_text _builder_version=\u00bb4.17.3&#8243; _module_preset=\u00bbdefault\u00bb text_font=\u00bbDroid Serif Clasic|500|||||||\u00bb text_text_color=\u00bb#FFFFFF\u00bb text_font_size=\u00bb24px\u00bb text_line_height=\u00bb1.4em\u00bb header_font_size=\u00bb28px\u00bb header_3_font=\u00bbDroid Serif Bold Italic|500|||||||\u00bb header_3_text_color=\u00bb#FFFFFF\u00bb header_3_font_size=\u00bb28px\u00bb background_enable_color=\u00bboff\u00bb background_image=\u00bbhttps:\/\/ism.uccuyo.edu.ar\/es-ar\/wp-content\/uploads\/2023\/05\/cintillo-para-titulo-prof-Cs.-sagradas.png\u00bb width=\u00bb59%\u00bb width_tablet=\u00bb59%\u00bb width_phone=\u00bb120%\u00bb width_last_edited=\u00bbon|phone\u00bb custom_margin=\u00bb||||false|false\u00bb custom_padding=\u00bb23px||15px|150px|false|false\u00bb custom_padding_tablet=\u00bb23px||15px|150px|false|false\u00bb custom_padding_phone=\u00bb23px||15px|24px|false|false\u00bb custom_padding_last_edited=\u00bbon|phone\u00bb text_font_size_tablet=\u00bb24px\u00bb text_font_size_phone=\u00bb20px\u00bb text_font_size_last_edited=\u00bbon|phone\u00bb header_3_font_size_tablet=\u00bb28px\u00bb header_3_font_size_phone=\u00bb24px\u00bb header_3_font_size_last_edited=\u00bbon|phone\u00bb background_last_edited=\u00bbon|phone\u00bb background_size_phone=\u00bbcontain\u00bb border_radii=\u00bboff||55px|55px|\u00bb global_colors_info=\u00bb{}\u00bb]<\/p>\n<p>Profesorado de<\/p>\n<h3>Ciencias Sagradas<\/h3>\n<p>[\/et_pb_text][\/et_pb_column][\/et_pb_row][\/et_pb_section][et_pb_section fb_built=\u00bb1&#8243; _builder_version=\u00bb4.17.3&#8243; _module_preset=\u00bbdefault\u00bb background_color=\u00bb#8286D5&#8243; custom_margin=\u00bb0px||||false|false\u00bb custom_padding=\u00bb91px||0px||false|false\u00bb da_disable_devices=\u00bboff|off|off\u00bb locked=\u00bboff\u00bb global_colors_info=\u00bb{}\u00bb da_is_popup=\u00bboff\u00bb da_exit_intent=\u00bboff\u00bb da_has_close=\u00bbon\u00bb da_alt_close=\u00bboff\u00bb da_dark_close=\u00bboff\u00bb da_not_modal=\u00bbon\u00bb da_is_singular=\u00bboff\u00bb da_with_loader=\u00bboff\u00bb da_has_shadow=\u00bbon\u00bb][et_pb_row _builder_version=\u00bb4.17.3&#8243; _module_preset=\u00bbdefault\u00bb custom_margin=\u00bb||||false|false\u00bb custom_padding=\u00bb0px||0px||false|false\u00bb global_colors_info=\u00bb{}\u00bb][et_pb_column type=\u00bb4_4&#8243; _builder_version=\u00bb4.17.3&#8243; _module_preset=\u00bbdefault\u00bb global_colors_info=\u00bb{}\u00bb][et_pb_text _builder_version=\u00bb4.17.3&#8243; _module_preset=\u00bbdefault\u00bb text_font=\u00bbDroid Serif Bold Italic||||||||\u00bb text_line_height=\u00bb1.3em\u00bb link_font=\u00bbDroid Serif Clasic||||||||\u00bb ul_font=\u00bbDroid Serif Clasic||||||||\u00bb ul_text_color=\u00bb#FFFFFF\u00bb ul_font_size=\u00bb22px\u00bb ul_line_height=\u00bb1.8em\u00bb header_line_height=\u00bb1.2em\u00bb header_4_font=\u00bbDroid Serif Clasic||||||||\u00bb header_4_text_color=\u00bb#FFFFFF\u00bb header_4_font_size=\u00bb16px\u00bb header_5_font=\u00bbDroid Serif Clasic||||||||\u00bb header_5_text_color=\u00bb#FFFFFF\u00bb header_5_font_size=\u00bb22px\u00bb header_5_line_height=\u00bb1.8em\u00bb header_6_font=\u00bbDroid Serif Bold Italic||||||||\u00bb header_6_text_color=\u00bb#FFFFFF\u00bb header_6_font_size=\u00bb22px\u00bb header_6_line_height=\u00bb1.8em\u00bb width=\u00bb60%\u00bb width_tablet=\u00bb60%\u00bb width_phone=\u00bbauto\u00bb width_last_edited=\u00bbon|phone\u00bb custom_margin=\u00bb||12px||false|false\u00bb custom_padding=\u00bb|85px|||false|false\u00bb custom_padding_tablet=\u00bb|85px|||false|false\u00bb custom_padding_phone=\u00bb|10px|||false|false\u00bb custom_padding_last_edited=\u00bbon|phone\u00bb global_colors_info=\u00bb{}\u00bb]<\/p>\n<ul>\n<li>\n<h5 style=\"display: inline;\">Duraci\u00f3n de la Carrera \/<\/h5>\n<h6 style=\"display: inline;\">4 A\u00f1os<\/h6>\n<\/li>\n<li>\n<h5 style=\"display: inline;\">Titulo \/<\/h5>\n<h6 style=\"display: inline;\">Profesor de Ciencias Sagradas<\/h6>\n<\/li>\n<li>\n<h5 style=\"display: inline;\">Cursado \/<\/h5>\n<h6 style=\"display: inline;\">En horario de tarde, en el SUM de la UCCuyo<\/h6>\n<\/li>\n<li>\n<h5 style=\"display: inline;\">Curso Introductorio \/<\/h5>\n<h6 style=\"display: inline;\">$45.000<\/h6>\n<h4>(Con vencimiento el 15 de marzo de 2026)<\/h4>\n<\/li>\n<\/ul>\n<p>[\/et_pb_text][\/et_pb_column][\/et_pb_row][\/et_pb_section][et_pb_section fb_built=\u00bb1&#8243; _builder_version=\u00bb4.17.3&#8243; _module_preset=\u00bbdefault\u00bb background_color=\u00bb#8286D5&#8243; custom_padding=\u00bb||143px||false|false\u00bb custom_css_main_element=\u00bbdisplay: flex;\u00bb da_disable_devices=\u00bboff|off|off\u00bb locked=\u00bboff\u00bb global_colors_info=\u00bb{}\u00bb custom_css_main_element_last_edited=\u00bbon|phone\u00bb custom_css_main_element_phone=\u00bbdisplay: block;\u00bb custom_css_main_element_tablet=\u00bbdisplay: flex;\u00bb da_is_popup=\u00bboff\u00bb da_exit_intent=\u00bboff\u00bb da_has_close=\u00bbon\u00bb da_alt_close=\u00bboff\u00bb da_dark_close=\u00bboff\u00bb da_not_modal=\u00bbon\u00bb da_is_singular=\u00bboff\u00bb da_with_loader=\u00bboff\u00bb da_has_shadow=\u00bbon\u00bb][et_pb_row _builder_version=\u00bb4.17.3&#8243; _module_preset=\u00bbdefault\u00bb custom_margin=\u00bb0px|auto|0px|auto|false|false\u00bb custom_padding=\u00bb0px||0px||true|false\u00bb global_colors_info=\u00bb{}\u00bb][et_pb_column type=\u00bb4_4&#8243; _builder_version=\u00bb4.17.3&#8243; _module_preset=\u00bbdefault\u00bb global_colors_info=\u00bb{}\u00bb][et_pb_text _builder_version=\u00bb4.17.3&#8243; _module_preset=\u00bbdefault\u00bb text_font=\u00bbDroid Serif Bold|500|||||||\u00bb text_text_color=\u00bb#FFFFFF\u00bb text_font_size=\u00bb22px\u00bb max_width=\u00bb65%\u00bb max_width_tablet=\u00bb65%\u00bb max_width_phone=\u00bbnone\u00bb max_width_last_edited=\u00bbon|phone\u00bb module_alignment=\u00bbcenter\u00bb module_alignment_tablet=\u00bbcenter\u00bb module_alignment_phone=\u00bbcenter\u00bb module_alignment_last_edited=\u00bbon|phone\u00bb global_colors_info=\u00bb{}\u00bb]<\/p>\n<p>CAMPO LABORAL<\/p>\n<p>[\/et_pb_text][et_pb_text _builder_version=\u00bb4.17.3&#8243; _module_preset=\u00bbdefault\u00bb text_font=\u00bbDroid Serif Clasic||||||||\u00bb text_text_color=\u00bb#FFFFFF\u00bb text_font_size=\u00bb20px\u00bb text_line_height=\u00bb1.6em\u00bb max_width=\u00bb65%\u00bb max_width_tablet=\u00bb65%\u00bb max_width_phone=\u00bbnone\u00bb max_width_last_edited=\u00bbon|phone\u00bb module_alignment=\u00bbcenter\u00bb custom_margin=\u00bb||||false|false\u00bb custom_padding=\u00bb|0px||0px|true|false\u00bb text_orientation_tablet=\u00bb\u00bb text_orientation_phone=\u00bbjustified\u00bb text_orientation_last_edited=\u00bbon|phone\u00bb module_alignment_tablet=\u00bbcenter\u00bb module_alignment_phone=\u00bbcenter\u00bb module_alignment_last_edited=\u00bbon|phone\u00bb global_colors_info=\u00bb{}\u00bb]<\/p>\n<p>La carrera habilita para trabajar como Catequista Escolar en Nivel Inicial, Primario y Secundario.<\/p>\n<p>[\/et_pb_text][et_pb_toggle title=\u00bbPerfil de Egresado\u00bb open_toggle_text_color=\u00bb#8286D5&#8243; open_toggle_background_color=\u00bb#FFFFFF\u00bb closed_toggle_background_color=\u00bb#FFFFFF\u00bb icon_color=\u00bb#8286D5&#8243; open_icon_color=\u00bb#8286D5&#8243; _builder_version=\u00bb4.17.3&#8243; _module_preset=\u00bbdefault\u00bb title_text_color=\u00bb#8286D5&#8243; title_font=\u00bbDroid Serif Italic||||||||\u00bb title_text_align=\u00bbleft\u00bb title_font_size=\u00bb16px\u00bb body_font=\u00bbDroid Serif Bold||||||||\u00bb body_text_color=\u00bb#8286D5&#8243; body_font_size=\u00bb16px\u00bb body_line_height=\u00bb1.5em\u00bb body_ol_item_indent=\u00bb1px\u00bb body_ol_font=\u00bbDroid Serif Clasic||||||||\u00bb body_ol_text_align=\u00bbjustify\u00bb body_ol_text_color=\u00bb#000000&#8243; body_ol_font_size=\u00bb16px\u00bb max_width=\u00bb65%\u00bb max_width_tablet=\u00bb65%\u00bb max_width_phone=\u00bbnone\u00bb max_width_last_edited=\u00bbon|phone\u00bb module_alignment=\u00bbcenter\u00bb custom_margin=\u00bb35px||0px||false|false\u00bb custom_padding=\u00bb|75px|||false|false\u00bb border_radii=\u00bbon|10px|10px|10px|10px\u00bb box_shadow_style=\u00bbpreset2&#8243; global_colors_info=\u00bb{}\u00bb]Se aspira a formar un profesor de Ciencias Sagradas que pueda:<\/p>\n<ol>\n<n><\/p>\n<li>Desarrollar una madurez humana, psicol\u00f3gica y cristiana acorde con su funci\u00f3n.<\/li>\n<p><\/n><\/p>\n<li>Ser coherente en sus intervenciones con el Mensaje Evang\u00e9lico, explicit\u00e1ndolo en su ense\u00f1anza y accionar cotidiano.<\/li>\n<p><\/n><\/p>\n<li>Integrar fe, vida y cultura en las distintas experiencias existenciales.<\/li>\n<p><\/n><\/p>\n<li>Formar parte de una comunidad educativa cristiana que vive su fe y dando testimonio de servicio en ella.<\/li>\n<p><\/n><\/p>\n<li>Comprometerse desde sus pr\u00e1cticas docentes con la diversidad y la inclusi\u00f3n.<\/li>\n<p><\/n><\/p>\n<li>Promover el di\u00e1logo ecum\u00e9nico en su camino evangelizador dentro del escenario escolar.<\/li>\n<p><\/n><\/p>\n<li>Dominar los saberes a ense\u00f1ar de tipo teol\u00f3gico, filos\u00f3ficos, catequ\u00e9ticos y pedag\u00f3gicos, y producir versiones del conocimiento adecuadas a las distintas<br \/>\nedades y sujetos.<\/li>\n<p><\/n><\/p>\n<li>Mostrar apertura intelectual y s\u00f3lida formaci\u00f3n acad\u00e9mica, para interpretar con flexibilidad y fe los signos de los tiempos.<\/li>\n<p><\/n><\/p>\n<li>Participar activamente en los diferentes procesos que se llevan adelante en relaci\u00f3n a la pastoral educativa.<\/li>\n<p><\/n><\/p>\n<li>Propiciar el trabajo en equipo con los diversos colegas, tomando como base la propuesta curricular y el ideario de la instituci\u00f3n.<\/li>\n<p><\/n><\/p>\n<li>Acompa\u00f1ar los procesos de crecimiento de la vida de fe de la comunidad educativa.<\/li>\n<p><\/n><\/p>\n<li>Comprometerse con el propio proceso de formaci\u00f3n permanente, analizando el desarrollo de las propias capacidades para poder consolidarlas.<\/li>\n<p><\/n>\n<\/ol>\n<p>[\/et_pb_toggle][et_pb_button button_url=\u00bbhttps:\/\/ism.uccuyo.edu.ar\/es-ar\/wp-content\/uploads\/2023\/06\/Plan-de-estudio-Profesorado-en-Ciencias-Sagradas.pdf\u00bb button_text=\u00bbPlan de Estudio\u00bb button_alignment=\u00bbcenter\u00bb module_class=\u00bbdownload-button\u00bb _builder_version=\u00bb4.17.3&#8243; _module_preset=\u00bbdefault\u00bb custom_button=\u00bbon\u00bb button_text_color=\u00bb#9C9EDD\u00bb button_bg_color=\u00bb#FFFFFF\u00bb button_border_width=\u00bb0px\u00bb button_border_radius=\u00bb5px\u00bb button_font=\u00bbDroid Serif Italic||||||||\u00bb button_icon=\u00bb&#xf1c1;||fa||400&#8243; button_on_hover=\u00bboff\u00bb custom_margin=\u00bb25px||||false|false\u00bb box_shadow_style=\u00bbpreset2&#8243; box_shadow_blur=\u00bb11px\u00bb locked=\u00bboff\u00bb global_colors_info=\u00bb{}\u00bb][\/et_pb_button][et_pb_button button_url=\u00bbhttps:\/\/ism.uccuyo.edu.ar\/es-ar\/wp-content\/uploads\/2025\/09\/Requisitos-Inscripcion-PCS.docx\u00bb button_text=\u00bbRequisitos de Inscripci\u00f3n\u00bb button_alignment=\u00bbcenter\u00bb disabled_on=\u00bboff|off|off\u00bb module_class=\u00bbdownload-button\u00bb _builder_version=\u00bb4.17.3&#8243; _module_preset=\u00bbdefault\u00bb custom_button=\u00bbon\u00bb button_text_color=\u00bb#9C9EDD\u00bb button_bg_color=\u00bb#FFFFFF\u00bb button_border_width=\u00bb0px\u00bb button_border_radius=\u00bb5px\u00bb button_font=\u00bbDroid Serif Italic||||||||\u00bb button_icon=\u00bb&#xf1c1;||fa||400&#8243; button_on_hover=\u00bboff\u00bb custom_margin=\u00bb25px||||false|false\u00bb box_shadow_style=\u00bbpreset2&#8243; box_shadow_blur=\u00bb11px\u00bb locked=\u00bboff\u00bb global_colors_info=\u00bb{}\u00bb][\/et_pb_button][\/et_pb_column][\/et_pb_row][et_pb_row custom_padding_last_edited=\u00bbon|phone\u00bb _builder_version=\u00bb4.17.3&#8243; _module_preset=\u00bbdefault\u00bb width=\u00bb45%\u00bb width_tablet=\u00bb45%\u00bb width_phone=\u00bb80%\u00bb width_last_edited=\u00bbon|phone\u00bb custom_margin=\u00bb||||false|false\u00bb custom_margin_tablet=\u00bb||||false|false\u00bb custom_margin_phone=\u00bb70px||||false|false\u00bb custom_margin_last_edited=\u00bbon|phone\u00bb custom_padding=\u00bb0px|25px|0px|25px|true|true\u00bb custom_padding_tablet=\u00bb0px|25px|0px|25px|true|true\u00bb custom_padding_phone=\u00bb|0px||0px|true|true\u00bb border_width_left=\u00bb1px\u00bb border_color_left=\u00bb#FFFFFF\u00bb global_colors_info=\u00bb{}\u00bb][et_pb_column type=\u00bb4_4&#8243; _builder_version=\u00bb4.17.3&#8243; _module_preset=\u00bbdefault\u00bb global_colors_info=\u00bb{}\u00bb][et_pb_text _builder_version=\u00bb4.17.3&#8243; _module_preset=\u00bbdefault\u00bb text_font=\u00bbDroid Serif Clasic||||||||\u00bb text_text_color=\u00bb#FFFFFF\u00bb text_font_size=\u00bb16px\u00bb text_line_height=\u00bb1.2em\u00bb header_3_font=\u00bbDroid Serif Bold Italic||||||||\u00bb header_3_text_color=\u00bb#FFFFFF\u00bb header_3_font_size=\u00bb23px\u00bb text_orientation=\u00bbcenter\u00bb width=\u00bb55%\u00bb width_tablet=\u00bb55%\u00bb width_phone=\u00bb80%\u00bb width_last_edited=\u00bbon|phone\u00bb module_alignment=\u00bbcenter\u00bb custom_margin=\u00bb||40px||false|false\u00bb custom_padding=\u00bb15px|30px|10px|30px|false|true\u00bb link_option_url=\u00bbhttps:\/\/ism.uccuyo.edu.ar\/es-ar\/index.php\/profesor-de-educacion-fisica\/\u00bb border_radii=\u00bbon|10px|10px|10px|10px\u00bb box_shadow_style=\u00bbpreset1&#8243; global_colors_info=\u00bb{}\u00bb background__hover_enabled=\u00bbon|hover\u00bb background_color__hover=\u00bb#FFFFFF\u00bb background_enable_color__hover=\u00bbon\u00bb text_text_color__hover_enabled=\u00bbon|hover\u00bb text_text_color__hover=\u00bb#8286D5&#8243; header_3_text_color__hover_enabled=\u00bbon|hover\u00bb header_3_text_color__hover=\u00bb#8286D5&#8243; header_text_color__hover_enabled=\u00bbon|hover\u00bb header_text_color__hover=\u00bb#8286D5&#8243;]<\/p>\n<p>Profesorado de <em><strong>Educaci\u00f3n F\u00edsica<\/strong><\/em><\/p>\n<p>[\/et_pb_text][et_pb_text _builder_version=\u00bb4.17.3&#8243; _module_preset=\u00bbdefault\u00bb text_font=\u00bbDroid Serif Clasic||||||||\u00bb text_text_color=\u00bb#FFFFFF\u00bb text_font_size=\u00bb16px\u00bb text_line_height=\u00bb1.2em\u00bb header_3_font=\u00bbDroid Serif Bold Italic||||||||\u00bb header_3_text_color=\u00bb#FFFFFF\u00bb header_3_font_size=\u00bb23px\u00bb text_orientation=\u00bbcenter\u00bb width=\u00bb55%\u00bb width_tablet=\u00bb55%\u00bb width_phone=\u00bb80%\u00bb width_last_edited=\u00bbon|phone\u00bb module_alignment=\u00bbcenter\u00bb custom_margin=\u00bb||40px||false|false\u00bb custom_padding=\u00bb15px|30px|10px|30px|false|true\u00bb link_option_url=\u00bbhttps:\/\/ism.uccuyo.edu.ar\/es-ar\/index.php\/profesor-de-educacion-primaria\/\u00bb border_radii=\u00bbon|10px|10px|10px|10px\u00bb box_shadow_style=\u00bbpreset1&#8243; global_colors_info=\u00bb{}\u00bb background_color__hover=\u00bb#FFFFFF\u00bb background_enable_color__hover=\u00bbon\u00bb text_text_color__hover_enabled=\u00bbon|hover\u00bb text_text_color__hover=\u00bb#8286D5&#8243; header_3_text_color__hover_enabled=\u00bbon|hover\u00bb header_3_text_color__hover=\u00bb#8286D5&#8243; header_text_color__hover_enabled=\u00bbon|hover\u00bb header_text_color__hover=\u00bb#8286D5&#8243; background__hover_enabled=\u00bbon|hover\u00bb]<\/p>\n<p>Profesorado de <em><strong>Educaci\u00f3n Primaria<\/strong><\/em><\/p>\n<p>[\/et_pb_text][et_pb_text _builder_version=\u00bb4.17.3&#8243; _module_preset=\u00bbdefault\u00bb text_font=\u00bbDroid Serif Clasic||||||||\u00bb text_text_color=\u00bb#FFFFFF\u00bb text_font_size=\u00bb16px\u00bb text_line_height=\u00bb1.2em\u00bb header_3_font=\u00bbDroid Serif Bold Italic||||||||\u00bb header_3_text_color=\u00bb#FFFFFF\u00bb header_3_font_size=\u00bb23px\u00bb text_orientation=\u00bbcenter\u00bb width=\u00bb55%\u00bb width_tablet=\u00bb55%\u00bb width_phone=\u00bb80%\u00bb width_last_edited=\u00bbon|phone\u00bb module_alignment=\u00bbcenter\u00bb custom_padding=\u00bb15px|30px|10px|30px|false|true\u00bb link_option_url=\u00bbhttps:\/\/ism.uccuyo.edu.ar\/es-ar\/index.php\/profesor-de-educacion-especial\/\u00bb border_radii=\u00bbon|10px|10px|10px|10px\u00bb box_shadow_style=\u00bbpreset1&#8243; global_colors_info=\u00bb{}\u00bb background__hover_enabled=\u00bbon|hover\u00bb background_color__hover=\u00bb#FFFFFF\u00bb background_enable_color__hover=\u00bbon\u00bb text_text_color__hover_enabled=\u00bbon|hover\u00bb text_text_color__hover=\u00bb#8286D5&#8243; header_3_text_color__hover_enabled=\u00bbon|hover\u00bb header_3_text_color__hover=\u00bb#8286D5&#8243; header_text_color__hover_enabled=\u00bbon|hover\u00bb header_text_color__hover=\u00bb#8286D5&#8243;]<\/p>\n<p>Profesorado en <em><strong>Educaci\u00f3n Especial<\/strong><\/em><\/p>\n<p>[\/et_pb_text][\/et_pb_column][\/et_pb_row][\/et_pb_section]<\/p>\n","protected":false},"excerpt":{"rendered":"<p>Profesorado de Ciencias Sagradas Duraci\u00f3n de la Carrera \/ 4 A\u00f1os Titulo \/ Profesor de Ciencias Sagradas Cursado \/ En horario de tarde, en el SUM de la UCCuyo Curso Introductorio \/ $45.000 (Con vencimiento el 15 de marzo de 2026) CAMPO LABORALLa carrera habilita para trabajar como Catequista Escolar en Nivel Inicial, Primario y [&hellip;]<\/p>\n","protected":false},"author":2,"featured_media":0,"parent":0,"menu_order":4,"comment_status":"closed","ping_status":"closed","template":"","meta":{"_et_pb_use_builder":"on","_et_pb_old_content":"","_et_gb_content_width":"","footnotes":""},"class_list":["post-190","page","type-page","status-publish","hentry"],"_links":{"self":[{"href":"https:\/\/ism.uccuyo.edu.ar\/es-ar\/index.php\/wp-json\/wp\/v2\/pages\/190","targetHints":{"allow":["GET"]}}],"collection":[{"href":"https:\/\/ism.uccuyo.edu.ar\/es-ar\/index.php\/wp-json\/wp\/v2\/pages"}],"about":[{"href":"https:\/\/ism.uccuyo.edu.ar\/es-ar\/index.php\/wp-json\/wp\/v2\/types\/page"}],"author":[{"embeddable":true,"href":"https:\/\/ism.uccuyo.edu.ar\/es-ar\/index.php\/wp-json\/wp\/v2\/users\/2"}],"replies":[{"embeddable":true,"href":"https:\/\/ism.uccuyo.edu.ar\/es-ar\/index.php\/wp-json\/wp\/v2\/comments?post=190"}],"version-history":[{"count":33,"href":"https:\/\/ism.uccuyo.edu.ar\/es-ar\/index.php\/wp-json\/wp\/v2\/pages\/190\/revisions"}],"predecessor-version":[{"id":2004,"href":"https:\/\/ism.uccuyo.edu.ar\/es-ar\/index.php\/wp-json\/wp\/v2\/pages\/190\/revisions\/2004"}],"wp:attachment":[{"href":"https:\/\/ism.uccuyo.edu.ar\/es-ar\/index.php\/wp-json\/wp\/v2\/media?parent=190"}],"curies":[{"name":"wp","href":"https:\/\/api.w.org\/{rel}","templated":true}]}}