{"id":185,"date":"2023-04-05T18:29:49","date_gmt":"2023-04-05T21:29:49","guid":{"rendered":"https:\/\/ism.uccuyo.edu.ar\/es-ar\/index.php\/profesorado-en-de-educacion-primaria-2\/"},"modified":"2025-10-07T13:54:05","modified_gmt":"2025-10-07T16:54:05","slug":"profesor-de-educacion-fisica","status":"publish","type":"page","link":"https:\/\/ism.uccuyo.edu.ar\/es-ar\/index.php\/profesor-de-educacion-fisica\/","title":{"rendered":"Profesor de Educaci\u00f3n F\u00edsica"},"content":{"rendered":"<p>[et_pb_section fb_built=\u00bb1&#8243; custom_padding_last_edited=\u00bbon|phone\u00bb _builder_version=\u00bb4.17.3&#8243; _module_preset=\u00bbdefault\u00bb background_image=\u00bbhttps:\/\/ism.uccuyo.edu.ar\/es-ar\/wp-content\/uploads\/2023\/05\/img.-prof.-ed-fisica.jpg\u00bb height_tablet=\u00bb\u00bb height_phone=\u00bb100px\u00bb height_last_edited=\u00bbon|phone\u00bb custom_margin=\u00bb||||false|false\u00bb custom_padding=\u00bb125px||91.75px||false|false\u00bb custom_padding_tablet=\u00bb125px||91.75px||false|false\u00bb custom_padding_phone=\u00bb110px||115px||false|false\u00bb da_disable_devices=\u00bboff|off|off\u00bb locked=\u00bboff\u00bb global_colors_info=\u00bb{}\u00bb da_is_popup=\u00bboff\u00bb da_exit_intent=\u00bboff\u00bb da_has_close=\u00bbon\u00bb da_alt_close=\u00bboff\u00bb da_dark_close=\u00bboff\u00bb da_not_modal=\u00bbon\u00bb da_is_singular=\u00bboff\u00bb da_with_loader=\u00bboff\u00bb da_has_shadow=\u00bbon\u00bb][et_pb_row _builder_version=\u00bb4.17.3&#8243; _module_preset=\u00bbdefault\u00bb module_alignment=\u00bbleft\u00bb custom_margin=\u00bb0px||0px||false|false\u00bb custom_padding=\u00bb0px||0px||false|false\u00bb global_colors_info=\u00bb{}\u00bb][et_pb_column type=\u00bb4_4&#8243; _builder_version=\u00bb4.17.3&#8243; _module_preset=\u00bbdefault\u00bb global_colors_info=\u00bb{}\u00bb][et_pb_text _builder_version=\u00bb4.17.3&#8243; _module_preset=\u00bbdefault\u00bb text_font=\u00bbDroid Serif Clasic|500|||||||\u00bb text_text_color=\u00bb#FFFFFF\u00bb text_font_size=\u00bb24px\u00bb text_line_height=\u00bb1.4em\u00bb header_font_size=\u00bb28px\u00bb header_3_font=\u00bbDroid Serif Bold Italic|500|||||||\u00bb header_3_text_color=\u00bb#FFFFFF\u00bb header_3_font_size=\u00bb28px\u00bb background_enable_color=\u00bboff\u00bb background_image=\u00bbhttps:\/\/ism.uccuyo.edu.ar\/es-ar\/wp-content\/uploads\/2023\/05\/cintillo-para-titulo.png\u00bb width=\u00bb59%\u00bb width_tablet=\u00bb59%\u00bb width_phone=\u00bb120%\u00bb width_last_edited=\u00bbon|phone\u00bb custom_margin=\u00bb||||false|false\u00bb custom_padding=\u00bb23px||15px|150px|false|false\u00bb custom_padding_tablet=\u00bb23px||15px|150px|false|false\u00bb custom_padding_phone=\u00bb23px||15px|24px|false|false\u00bb custom_padding_last_edited=\u00bbon|phone\u00bb text_font_size_tablet=\u00bb24px\u00bb text_font_size_phone=\u00bb20px\u00bb text_font_size_last_edited=\u00bbon|phone\u00bb header_3_font_size_tablet=\u00bb28px\u00bb header_3_font_size_phone=\u00bb24px\u00bb header_3_font_size_last_edited=\u00bbon|phone\u00bb background_last_edited=\u00bbon|phone\u00bb background_size_phone=\u00bbcontain\u00bb border_radii=\u00bboff||55px|55px|\u00bb global_colors_info=\u00bb{}\u00bb]<\/p>\n<p>Profesorado de<\/p>\n<h3>Educaci\u00f3n F\u00edsica<\/h3>\n<p>[\/et_pb_text][\/et_pb_column][\/et_pb_row][\/et_pb_section][et_pb_section fb_built=\u00bb1&#8243; _builder_version=\u00bb4.17.3&#8243; _module_preset=\u00bbdefault\u00bb background_color=\u00bb#8286D5&#8243; custom_margin=\u00bb0px||||false|false\u00bb custom_padding=\u00bb91px||0px||false|false\u00bb da_disable_devices=\u00bboff|off|off\u00bb locked=\u00bboff\u00bb global_colors_info=\u00bb{}\u00bb da_is_popup=\u00bboff\u00bb da_exit_intent=\u00bboff\u00bb da_has_close=\u00bbon\u00bb da_alt_close=\u00bboff\u00bb da_dark_close=\u00bboff\u00bb da_not_modal=\u00bbon\u00bb da_is_singular=\u00bboff\u00bb da_with_loader=\u00bboff\u00bb da_has_shadow=\u00bbon\u00bb][et_pb_row _builder_version=\u00bb4.17.3&#8243; _module_preset=\u00bbdefault\u00bb custom_margin=\u00bb||||false|false\u00bb custom_padding=\u00bb0px||0px||false|false\u00bb global_colors_info=\u00bb{}\u00bb][et_pb_column type=\u00bb4_4&#8243; _builder_version=\u00bb4.17.3&#8243; _module_preset=\u00bbdefault\u00bb global_colors_info=\u00bb{}\u00bb][et_pb_text _builder_version=\u00bb4.17.3&#8243; _module_preset=\u00bbdefault\u00bb text_font=\u00bbDroid Serif Bold Italic||||||||\u00bb text_line_height=\u00bb1.3em\u00bb link_font=\u00bbDroid Serif Clasic||||||||\u00bb ul_font=\u00bbDroid Serif Clasic||||||||\u00bb ul_text_color=\u00bb#FFFFFF\u00bb ul_font_size=\u00bb22px\u00bb ul_line_height=\u00bb1.8em\u00bb header_line_height=\u00bb1.2em\u00bb header_4_font=\u00bbDroid Serif Clasic||||||||\u00bb header_4_text_color=\u00bb#FFFFFF\u00bb header_4_font_size=\u00bb16px\u00bb header_5_font=\u00bbDroid Serif Clasic||||||||\u00bb header_5_text_color=\u00bb#FFFFFF\u00bb header_5_font_size=\u00bb22px\u00bb header_5_line_height=\u00bb1.8em\u00bb header_6_font=\u00bbDroid Serif Bold Italic||||||||\u00bb header_6_text_color=\u00bb#FFFFFF\u00bb header_6_font_size=\u00bb22px\u00bb header_6_line_height=\u00bb1.8em\u00bb width=\u00bb60%\u00bb width_tablet=\u00bb60%\u00bb width_phone=\u00bbauto\u00bb width_last_edited=\u00bbon|phone\u00bb custom_margin=\u00bb||12px||false|false\u00bb custom_padding=\u00bb|85px|||false|false\u00bb custom_padding_tablet=\u00bb|85px|||false|false\u00bb custom_padding_phone=\u00bb|10px|||false|false\u00bb custom_padding_last_edited=\u00bbon|phone\u00bb global_colors_info=\u00bb{}\u00bb]<\/p>\n<ul>\n<li>\n<h5 style=\"display: inline;\">Duraci\u00f3n de la Carrera \/<\/h5>\n<h6 style=\"display: inline;\">4 A\u00f1os<\/h6>\n<\/li>\n<li>\n<h5 style=\"display: inline;\">Titulo \/<\/h5>\n<h6 style=\"display: inline;\">Profesor de Educaci\u00f3n F\u00edsica<\/h6>\n<\/li>\n<li>\n<h5 style=\"display: inline;\">Cursado \/<\/h5>\n<h6 style=\"display: inline;\">En horario de ma\u00f1ana, en el SUM de la UCCuyo<\/h6>\n<\/li>\n<li>\n<h5 style=\"display: inline;\">Curso Introductorio \/<\/h5>\n<h6 style=\"display: inline;\">$60.000<\/h6>\n<h4 >(Con vencimiento el 1 de marzo de 2026)<\/h4>\n<\/li>\n<\/ul>\n<p>[\/et_pb_text][\/et_pb_column][\/et_pb_row][\/et_pb_section][et_pb_section fb_built=\u00bb1&#8243; _builder_version=\u00bb4.17.3&#8243; _module_preset=\u00bbdefault\u00bb background_color=\u00bb#8286D5&#8243; custom_padding=\u00bb||143px||false|false\u00bb custom_css_main_element=\u00bbdisplay: flex;\u00bb da_disable_devices=\u00bboff|off|off\u00bb locked=\u00bboff\u00bb global_colors_info=\u00bb{}\u00bb custom_css_main_element_last_edited=\u00bbon|phone\u00bb custom_css_main_element_phone=\u00bbdisplay:block;\u00bb custom_css_main_element_tablet=\u00bbdisplay: flex;\u00bb da_is_popup=\u00bboff\u00bb da_exit_intent=\u00bboff\u00bb da_has_close=\u00bbon\u00bb da_alt_close=\u00bboff\u00bb da_dark_close=\u00bboff\u00bb da_not_modal=\u00bbon\u00bb da_is_singular=\u00bboff\u00bb da_with_loader=\u00bboff\u00bb da_has_shadow=\u00bbon\u00bb][et_pb_row _builder_version=\u00bb4.17.3&#8243; _module_preset=\u00bbdefault\u00bb custom_margin=\u00bb0px|auto|0px|auto|false|false\u00bb custom_padding=\u00bb0px||0px||true|false\u00bb global_colors_info=\u00bb{}\u00bb][et_pb_column type=\u00bb4_4&#8243; _builder_version=\u00bb4.17.3&#8243; _module_preset=\u00bbdefault\u00bb global_colors_info=\u00bb{}\u00bb][et_pb_text _builder_version=\u00bb4.17.3&#8243; _module_preset=\u00bbdefault\u00bb text_font=\u00bbDroid Serif Bold|500|||||||\u00bb text_text_color=\u00bb#FFFFFF\u00bb text_font_size=\u00bb22px\u00bb max_width=\u00bb65%\u00bb max_width_tablet=\u00bb65%\u00bb max_width_phone=\u00bbnone\u00bb max_width_last_edited=\u00bbon|phone\u00bb module_alignment=\u00bbcenter\u00bb text_orientation_tablet=\u00bb\u00bb text_orientation_phone=\u00bbleft\u00bb text_orientation_last_edited=\u00bbon|phone\u00bb global_colors_info=\u00bb{}\u00bb]<\/p>\n<p>CAMPO LABORAL<\/p>\n<p>[\/et_pb_text][et_pb_text _builder_version=\u00bb4.17.3&#8243; _module_preset=\u00bbdefault\u00bb text_font=\u00bbDroid Serif Clasic||||||||\u00bb text_text_color=\u00bb#FFFFFF\u00bb text_font_size=\u00bb20px\u00bb text_line_height=\u00bb1.6em\u00bb max_width=\u00bb65%\u00bb max_width_tablet=\u00bb65%\u00bb max_width_phone=\u00bbnone\u00bb max_width_last_edited=\u00bbon|phone\u00bb module_alignment=\u00bbcenter\u00bb custom_margin=\u00bb52px||||false|false\u00bb custom_padding=\u00bb|0px||0px|false|false\u00bb text_orientation_tablet=\u00bb\u00bb text_orientation_phone=\u00bbjustified\u00bb text_orientation_last_edited=\u00bbon|phone\u00bb global_colors_info=\u00bb{}\u00bb]<\/p>\n<p>La carrera habilita para trabajar como Profesor de Educaci\u00f3n F\u00edsica en Nivel Inicial, Primario y Secundario. Fuera del sistema educativo puede trabajar en gimnasios y clubes.<\/p>\n<p>[\/et_pb_text][et_pb_toggle title=\u00bbPerfil de Egresado\u00bb open_toggle_text_color=\u00bb#8286D5&#8243; open_toggle_background_color=\u00bb#FFFFFF\u00bb closed_toggle_background_color=\u00bb#FFFFFF\u00bb icon_color=\u00bb#8286D5&#8243; open_icon_color=\u00bb#8286D5&#8243; _builder_version=\u00bb4.17.3&#8243; _module_preset=\u00bbdefault\u00bb title_text_color=\u00bb#8286D5&#8243; title_font=\u00bbDroid Serif Italic||||||||\u00bb title_text_align=\u00bbleft\u00bb title_font_size=\u00bb16px\u00bb body_font=\u00bbDroid Serif Bold||||||||\u00bb body_text_align=\u00bbjustify\u00bb body_text_color=\u00bb#8286D5&#8243; body_font_size=\u00bb16px\u00bb body_line_height=\u00bb1.5em\u00bb body_ol_item_indent=\u00bb1px\u00bb body_ul_font=\u00bbDroid Serif Clasic||||||||\u00bb body_ul_text_color=\u00bb#000000&#8243; body_ul_font_size=\u00bb16px\u00bb body_ol_font=\u00bbDroid Serif Clasic||||||||\u00bb body_ol_text_align=\u00bbjustify\u00bb body_ol_text_color=\u00bb#000000&#8243; body_ol_font_size=\u00bb16px\u00bb max_width=\u00bb65%\u00bb max_width_tablet=\u00bb65%\u00bb max_width_phone=\u00bbnone\u00bb max_width_last_edited=\u00bbon|phone\u00bb module_alignment=\u00bbcenter\u00bb custom_margin=\u00bb35px||0px||false|false\u00bb custom_padding=\u00bb|75px|||false|false\u00bb border_radii=\u00bbon|10px|10px|10px|10px\u00bb box_shadow_style=\u00bbpreset2&#8243; global_colors_info=\u00bb{}\u00bb]<\/p>\n<p>El profesor de Educaci\u00f3n F\u00edsica se espera que:<\/p>\n<ul>\n<li>Sea conocedor e int\u00e9rprete de los fundamentos cient\u00edficos y pedag\u00f3gicos, necesarios para el ejercicio de su funci\u00f3n y abierto a los cambios de perspectivas educativas en la Educaci\u00f3n F\u00edsica. Un docente investigador de la realidad socio-hist\u00f3rico-pol\u00edtico y cultural, que le facilite intervenir en la realidad educativa con estrategias id\u00f3neas, en permanente contacto con los avances de la disciplina. Un docente promotor y coordinador de acciones innovadoras que permitan desarrollar su dimensi\u00f3n pedag\u00f3gica did\u00e1ctica en los diferentes niveles para el cual se los forma. Un profesional que realice acciones acordes a la \u00c9tica Profesional y sea consciente de la importancia de la formaci\u00f3n continua.<br \/>Un profesor que acredite y demuestre las capacidades profesionales a partir de una s\u00f3lida formaci\u00f3n en los fundamentos filos\u00f3ficos, pedag\u00f3gicos, sociol\u00f3gicos, hist\u00f3ricos, pol\u00edticos y cient\u00edficos de la disciplina.<\/li>\n<\/ul>\n<p>&nbsp;<\/p>\n<p>[\/et_pb_toggle][et_pb_button button_url=\u00bbhttps:\/\/ism.uccuyo.edu.ar\/es-ar\/wp-content\/uploads\/2023\/12\/Plan-de-estudio-Profesorado-de-Educacion-Fisica.pdf\u00bb button_text=\u00bbPlan de Estudio\u00bb button_alignment=\u00bbcenter\u00bb module_class=\u00bbdownload-button\u00bb _builder_version=\u00bb4.17.3&#8243; _module_preset=\u00bbdefault\u00bb custom_button=\u00bbon\u00bb button_text_color=\u00bb#9C9EDD\u00bb button_bg_color=\u00bb#FFFFFF\u00bb button_border_width=\u00bb0px\u00bb button_border_radius=\u00bb5px\u00bb button_font=\u00bbDroid Serif Italic||||||||\u00bb button_icon=\u00bb&#xf1c1;||fa||400&#8243; button_on_hover=\u00bboff\u00bb custom_margin=\u00bb25px||||false|false\u00bb box_shadow_style=\u00bbpreset2&#8243; box_shadow_blur=\u00bb11px\u00bb locked=\u00bboff\u00bb global_colors_info=\u00bb{}\u00bb][\/et_pb_button][et_pb_button button_url=\u00bbhttps:\/\/ism.uccuyo.edu.ar\/es-ar\/wp-content\/uploads\/2025\/10\/Requisitos-Inscripcion-PEF-2026.docx\u00bb button_text=\u00bbRequisitos de Inscripci\u00f3n\u00bb button_alignment=\u00bbcenter\u00bb disabled_on=\u00bboff|off|off\u00bb module_class=\u00bbdownload-button\u00bb _builder_version=\u00bb4.17.3&#8243; _module_preset=\u00bbdefault\u00bb custom_button=\u00bbon\u00bb button_text_color=\u00bb#9C9EDD\u00bb button_bg_color=\u00bb#FFFFFF\u00bb button_border_width=\u00bb0px\u00bb button_border_radius=\u00bb5px\u00bb button_font=\u00bbDroid Serif Italic||||||||\u00bb button_icon=\u00bb&#xf1c1;||fa||400&#8243; button_on_hover=\u00bboff\u00bb custom_margin=\u00bb25px||||false|false\u00bb hover_enabled=\u00bb0&#8243; box_shadow_style=\u00bbpreset2&#8243; box_shadow_blur=\u00bb11px\u00bb locked=\u00bboff\u00bb global_colors_info=\u00bb{}\u00bb sticky_enabled=\u00bb0&#8243;][\/et_pb_button][\/et_pb_column][\/et_pb_row][et_pb_row custom_padding_last_edited=\u00bbon|phone\u00bb _builder_version=\u00bb4.17.3&#8243; _module_preset=\u00bbdefault\u00bb width=\u00bb45%\u00bb width_tablet=\u00bb45%\u00bb width_phone=\u00bb80%\u00bb width_last_edited=\u00bbon|phone\u00bb custom_margin=\u00bb||||false|false\u00bb custom_margin_tablet=\u00bb||||false|false\u00bb custom_margin_phone=\u00bb70px||||false|false\u00bb custom_margin_last_edited=\u00bbon|phone\u00bb custom_padding=\u00bb0px|25px|0px|25px|true|true\u00bb custom_padding_tablet=\u00bb0px|25px|0px|25px|true|true\u00bb custom_padding_phone=\u00bb|0px||0px|true|true\u00bb border_width_left=\u00bb1px\u00bb border_color_left=\u00bb#FFFFFF\u00bb global_colors_info=\u00bb{}\u00bb][et_pb_column type=\u00bb4_4&#8243; _builder_version=\u00bb4.17.3&#8243; _module_preset=\u00bbdefault\u00bb global_colors_info=\u00bb{}\u00bb][et_pb_text _builder_version=\u00bb4.17.3&#8243; _module_preset=\u00bbdefault\u00bb text_font=\u00bbDroid Serif Clasic||||||||\u00bb text_text_color=\u00bb#FFFFFF\u00bb text_font_size=\u00bb16px\u00bb text_line_height=\u00bb1.2em\u00bb header_3_font=\u00bbDroid Serif Bold Italic||||||||\u00bb header_3_text_color=\u00bb#FFFFFF\u00bb header_3_font_size=\u00bb23px\u00bb text_orientation=\u00bbcenter\u00bb width=\u00bb55%\u00bb width_tablet=\u00bb55%\u00bb width_phone=\u00bb80%\u00bb width_last_edited=\u00bbon|phone\u00bb module_alignment=\u00bbcenter\u00bb custom_margin=\u00bb||40px||false|false\u00bb custom_padding=\u00bb15px|30px|10px|30px|false|true\u00bb link_option_url=\u00bbhttps:\/\/ism.uccuyo.edu.ar\/es-ar\/index.php\/profesor-de-educacion-primaria\/\u00bb border_radii=\u00bbon|10px|10px|10px|10px\u00bb box_shadow_style=\u00bbpreset1&#8243; global_colors_info=\u00bb{}\u00bb background__hover_enabled=\u00bbon|hover\u00bb background_color__hover=\u00bb#FFFFFF\u00bb background_enable_color__hover=\u00bbon\u00bb text_text_color__hover_enabled=\u00bbon|hover\u00bb text_text_color__hover=\u00bb#8286D5&#8243; header_3_text_color__hover_enabled=\u00bbon|hover\u00bb header_3_text_color__hover=\u00bb#8286D5&#8243; header_text_color__hover_enabled=\u00bbon|hover\u00bb header_text_color__hover=\u00bb#8286D5&#8243;]<\/p>\n<p>Profesorado de <em><strong>Educaci\u00f3n Primaria<\/strong><\/em><\/p>\n<p>[\/et_pb_text][et_pb_text _builder_version=\u00bb4.17.3&#8243; _module_preset=\u00bbdefault\u00bb text_font=\u00bbDroid Serif Clasic||||||||\u00bb text_text_color=\u00bb#FFFFFF\u00bb text_font_size=\u00bb16px\u00bb text_line_height=\u00bb1.2em\u00bb header_3_font=\u00bbDroid Serif Bold Italic||||||||\u00bb header_3_text_color=\u00bb#FFFFFF\u00bb header_3_font_size=\u00bb23px\u00bb text_orientation=\u00bbcenter\u00bb width=\u00bb55%\u00bb width_tablet=\u00bb55%\u00bb width_phone=\u00bb80%\u00bb width_last_edited=\u00bbon|phone\u00bb module_alignment=\u00bbcenter\u00bb custom_margin=\u00bb||40px||false|false\u00bb custom_padding=\u00bb15px|40px|10px|40px|false|true\u00bb link_option_url=\u00bbhttps:\/\/ism.uccuyo.edu.ar\/es-ar\/index.php\/profesor-en-ciencias-sagradas\/\u00bb border_radii=\u00bbon|10px|10px|10px|10px\u00bb box_shadow_style=\u00bbpreset1&#8243; global_colors_info=\u00bb{}\u00bb background_color__hover=\u00bb#FFFFFF\u00bb background_enable_color__hover=\u00bbon\u00bb text_text_color__hover_enabled=\u00bbon|hover\u00bb text_text_color__hover=\u00bb#8286D5&#8243; header_3_text_color__hover_enabled=\u00bbon|hover\u00bb header_3_text_color__hover=\u00bb#8286D5&#8243; header_text_color__hover_enabled=\u00bbon|hover\u00bb header_text_color__hover=\u00bb#8286D5&#8243; background__hover_enabled=\u00bbon|hover\u00bb]<\/p>\n<p>Profesorado de <em><strong>Ciencias Sagradas<\/strong><\/em><\/p>\n<p>[\/et_pb_text][et_pb_text _builder_version=\u00bb4.17.3&#8243; _module_preset=\u00bbdefault\u00bb text_font=\u00bbDroid Serif Clasic||||||||\u00bb text_text_color=\u00bb#FFFFFF\u00bb text_font_size=\u00bb16px\u00bb text_line_height=\u00bb1.2em\u00bb header_3_font=\u00bbDroid Serif Bold Italic||||||||\u00bb header_3_text_color=\u00bb#FFFFFF\u00bb header_3_font_size=\u00bb23px\u00bb text_orientation=\u00bbcenter\u00bb width=\u00bb55%\u00bb width_tablet=\u00bb55%\u00bb width_phone=\u00bb80%\u00bb width_last_edited=\u00bbon|phone\u00bb module_alignment=\u00bbcenter\u00bb custom_padding=\u00bb15px|30px|10px|30px|false|true\u00bb link_option_url=\u00bbhttps:\/\/ism.uccuyo.edu.ar\/es-ar\/index.php\/profesor-de-educacion-especial\/\u00bb border_radii=\u00bbon|10px|10px|10px|10px\u00bb box_shadow_style=\u00bbpreset1&#8243; global_colors_info=\u00bb{}\u00bb background__hover_enabled=\u00bbon|hover\u00bb background_color__hover=\u00bb#FFFFFF\u00bb background_enable_color__hover=\u00bbon\u00bb text_text_color__hover_enabled=\u00bbon|hover\u00bb text_text_color__hover=\u00bb#8286D5&#8243; header_3_text_color__hover_enabled=\u00bbon|hover\u00bb header_3_text_color__hover=\u00bb#8286D5&#8243; header_text_color__hover_enabled=\u00bbon|hover\u00bb header_text_color__hover=\u00bb#8286D5&#8243;]<\/p>\n<p>Profesorado en <em><strong>Educaci\u00f3n Especial<\/strong><\/em><\/p>\n<p>[\/et_pb_text][\/et_pb_column][\/et_pb_row][\/et_pb_section]<\/p>\n","protected":false},"excerpt":{"rendered":"<p>Profesorado de Educaci\u00f3n F\u00edsica Duraci\u00f3n de la Carrera \/ 4 A\u00f1os Titulo \/ Profesor de Educaci\u00f3n F\u00edsica Cursado \/ En horario de ma\u00f1ana, en el SUM de la UCCuyo Curso Introductorio \/ $60.000 (Con vencimiento el 1 de marzo de 2026) CAMPO LABORALLa carrera habilita para trabajar como Profesor de Educaci\u00f3n F\u00edsica en Nivel Inicial, [&hellip;]<\/p>\n","protected":false},"author":2,"featured_media":0,"parent":0,"menu_order":4,"comment_status":"closed","ping_status":"closed","template":"","meta":{"_et_pb_use_builder":"on","_et_pb_old_content":"","_et_gb_content_width":"","footnotes":""},"class_list":["post-185","page","type-page","status-publish","hentry"],"_links":{"self":[{"href":"https:\/\/ism.uccuyo.edu.ar\/es-ar\/index.php\/wp-json\/wp\/v2\/pages\/185","targetHints":{"allow":["GET"]}}],"collection":[{"href":"https:\/\/ism.uccuyo.edu.ar\/es-ar\/index.php\/wp-json\/wp\/v2\/pages"}],"about":[{"href":"https:\/\/ism.uccuyo.edu.ar\/es-ar\/index.php\/wp-json\/wp\/v2\/types\/page"}],"author":[{"embeddable":true,"href":"https:\/\/ism.uccuyo.edu.ar\/es-ar\/index.php\/wp-json\/wp\/v2\/users\/2"}],"replies":[{"embeddable":true,"href":"https:\/\/ism.uccuyo.edu.ar\/es-ar\/index.php\/wp-json\/wp\/v2\/comments?post=185"}],"version-history":[{"count":56,"href":"https:\/\/ism.uccuyo.edu.ar\/es-ar\/index.php\/wp-json\/wp\/v2\/pages\/185\/revisions"}],"predecessor-version":[{"id":2008,"href":"https:\/\/ism.uccuyo.edu.ar\/es-ar\/index.php\/wp-json\/wp\/v2\/pages\/185\/revisions\/2008"}],"wp:attachment":[{"href":"https:\/\/ism.uccuyo.edu.ar\/es-ar\/index.php\/wp-json\/wp\/v2\/media?parent=185"}],"curies":[{"name":"wp","href":"https:\/\/api.w.org\/{rel}","templated":true}]}}