{"id":1730,"date":"2024-05-17T11:26:41","date_gmt":"2024-05-17T14:26:41","guid":{"rendered":"https:\/\/ism.uccuyo.edu.ar\/es-ar\/?page_id=1730"},"modified":"2024-06-12T17:47:31","modified_gmt":"2024-06-12T20:47:31","slug":"desarrollo-profesional-formacion-docente-continua","status":"publish","type":"page","link":"https:\/\/ism.uccuyo.edu.ar\/es-ar\/index.php\/desarrollo-profesional-formacion-docente-continua\/","title":{"rendered":"Desarrollo Profesional &#8211; Formaci\u00f3n docente Continua"},"content":{"rendered":"<p>[et_pb_section fb_built=\u00bb1&#8243; _builder_version=\u00bb4.17.3&#8243; _module_preset=\u00bbdefault\u00bb custom_padding=\u00bb0px||||false|false\u00bb da_disable_devices=\u00bboff|off|off\u00bb global_colors_info=\u00bb{}\u00bb da_is_popup=\u00bboff\u00bb da_exit_intent=\u00bboff\u00bb da_has_close=\u00bbon\u00bb da_alt_close=\u00bboff\u00bb da_dark_close=\u00bboff\u00bb da_not_modal=\u00bbon\u00bb da_is_singular=\u00bboff\u00bb da_with_loader=\u00bboff\u00bb da_has_shadow=\u00bbon\u00bb][et_pb_row _builder_version=\u00bb4.17.3&#8243; _module_preset=\u00bbdefault\u00bb background_color=\u00bb#9C9EDD\u00bb width=\u00bb100%\u00bb max_width=\u00bbnone\u00bb custom_margin=\u00bb||||false|false\u00bb global_colors_info=\u00bb{}\u00bb][et_pb_column type=\u00bb4_4&#8243; _builder_version=\u00bb4.17.3&#8243; _module_preset=\u00bbdefault\u00bb global_colors_info=\u00bb{}\u00bb][et_pb_text _builder_version=\u00bb4.17.3&#8243; _module_preset=\u00bbdefault\u00bb text_font=\u00bbDroid Serif Bold Italic||||||||\u00bb text_text_color=\u00bb#FFFFFF\u00bb text_font_size=\u00bb20px\u00bb text_orientation=\u00bbcenter\u00bb custom_margin=\u00bb||||false|false\u00bb custom_padding=\u00bb20px||20px||true|false\u00bb global_colors_info=\u00bb{}\u00bb]<\/p>\n<p>Desarrollo profesional y formaci\u00f3n docente continua<\/p>\n<p>[\/et_pb_text][\/et_pb_column][\/et_pb_row][et_pb_row _builder_version=\u00bb4.17.3&#8243; _module_preset=\u00bbdefault\u00bb global_colors_info=\u00bb{}\u00bb][et_pb_column type=\u00bb4_4&#8243; _builder_version=\u00bb4.17.3&#8243; _module_preset=\u00bbdefault\u00bb global_colors_info=\u00bb{}\u00bb][et_pb_text _builder_version=\u00bb4.17.3&#8243; _module_preset=\u00bbdefault\u00bb text_font=\u00bbDroid Serif Clasic||||||||\u00bb text_text_color=\u00bb#9C9EDD\u00bb text_font_size=\u00bb16px\u00bb text_orientation=\u00bbjustified\u00bb custom_margin=\u00bb30px|40px||40px|false|true\u00bb custom_padding=\u00bb||||false|false\u00bb global_colors_info=\u00bb{}\u00bb]<\/p>\n<p>La funci\u00f3n de Desarrollo Profesional Docente refiere al conjunto de actividades, propuestas formativas y programas dise\u00f1ados para mejorar y fortalecer las habilidades, actitudes, aptitudes y conocimientos de los profesores en ejercicio de la docencia, gesti\u00f3n e investigaci\u00f3n.<\/p>\n<p>La funci\u00f3n del \u00c1rea contribuye a fortalecer los aspectos t\u00e9cnicos y pedag\u00f3gicos de la pr\u00e1ctica educativa, como tambi\u00e9n al crecimiento personal y profesional del docente a partir de promover la participaci\u00f3n de los mismos en actividades de formaci\u00f3n continua mediante asesor\u00edas, talleres, cursos, seminarios y conversatorios que contribuyan a la actualizaci\u00f3n y desarrollo profesional.<\/p>\n<p>Que por Resoluci\u00f3n N\u00ba 30\/07 del Consejo Federal de Educaci\u00f3n se establece que el Sistema Formador ampliar\u00e1 sus funciones para atender las necesidades de la formaci\u00f3n docente inicial y continua y los requerimientos de producci\u00f3n de saberes espec\u00edficos, incluyendo entre otras, las siguientes:<\/p>\n<p>[\/et_pb_text][et_pb_text ul_type=\u00bbsquare\u00bb ul_position=\u00bbinside\u00bb _builder_version=\u00bb4.17.3&#8243; _module_preset=\u00bbdefault\u00bb text_font=\u00bbDroid Serif Clasic||||||||\u00bb text_text_color=\u00bb#9C9EDD\u00bb text_font_size=\u00bb16px\u00bb ul_font=\u00bbDroid Serif Clasic||||||||\u00bb ul_font_size=\u00bb16px\u00bb text_orientation=\u00bbjustified\u00bb custom_margin=\u00bb-12px|40px||40px|false|true\u00bb custom_padding=\u00bb||||false|false\u00bb global_colors_info=\u00bb{}\u00bb]<\/p>\n<ul>\n<li>Formaci\u00f3n inicial.<\/li>\n<li>Actualizaci\u00f3n disciplinar y pedag\u00f3gica de docentes en ejercicio.<\/li>\n<li>Investigaci\u00f3n de tem\u00e1ticas vinculadas a la ense\u00f1anza, el trabajo docente y la formaci\u00f3n docente.<\/li>\n<li>Asesoramiento pedag\u00f3gico a las escuelas.<\/li>\n<li>Preparaci\u00f3n para el desempe\u00f1o de cargos directivos y de supervisi\u00f3n.<\/li>\n<li>Acompa\u00f1amiento de los primeros desempe\u00f1os docentes.<\/li>\n<li>Formaci\u00f3n pedag\u00f3gica de agentes sin t\u00edtulo docente y de profesionales de otras disciplinas que pretenden ingresar a la docencia.<\/li>\n<li>Formaci\u00f3n para el desempe\u00f1o de distintas funciones en el sistema educativo.<\/li>\n<li>Formaci\u00f3n de docentes y no docentes para el desarrollo de actividades educativas en instituciones no escolares (instituciones penales de menores, centros recreativos, centros culturales, etc.).<\/li>\n<li>Producci\u00f3n de materiales did\u00e1cticos para la ense\u00f1anza en las escuelas.<\/li>\n<\/ul>\n<p>[\/et_pb_text][et_pb_text _builder_version=\u00bb4.17.3&#8243; _module_preset=\u00bbdefault\u00bb text_font=\u00bbDroid Serif Bold||||||||\u00bb text_text_color=\u00bb#9C9EDD\u00bb text_font_size=\u00bb16px\u00bb text_orientation=\u00bbjustified\u00bb custom_margin=\u00bb|40px||40px|false|true\u00bb custom_padding=\u00bb0px||0px||false|false\u00bb global_colors_info=\u00bb{}\u00bb]-Objetivos del \u00c1rea: [\/et_pb_text][et_pb_text _builder_version=\u00bb4.17.3&#8243; _module_preset=\u00bbdefault\u00bb text_font=\u00bbDroid Serif Clasic||||||||\u00bb text_text_color=\u00bb#9C9EDD\u00bb text_font_size=\u00bb16px\u00bb text_orientation=\u00bbjustified\u00bb custom_margin=\u00bb-18px|40px||40px|false|true\u00bb custom_padding=\u00bb||||false|false\u00bb global_colors_info=\u00bb{}\u00bb]<\/p>\n<p><strong>-Formaci\u00f3n continua:<\/strong> promueve la mejora constante de habilidades pedag\u00f3gicas, dominio de los contenidos y uso de metodolog\u00edas innovadoras para la ense\u00f1anza, el aprendizaje y la evaluaci\u00f3n.<br \/><strong>-Actualizaci\u00f3n:<\/strong> proporciona oportunidades para que los docentes conozcan los avances en su campo, as\u00ed como el impacto y aplicaci\u00f3n de las tecnolog\u00edas y enfoques educativos.<br \/><strong>-Asesor\u00eda y acompa\u00f1amiento continuo:<\/strong> ofrece espacios de apoyo en determinadas \u00e1reas disciplinares af\u00edn de facilitar el intercambio de conocimientos y experiencias.<br \/><strong>-Reflexi\u00f3n y autoevaluaci\u00f3n:<\/strong> promueve la reflexi\u00f3n cr\u00edtica sobre la propia pr\u00e1ctica educativa, la identificaci\u00f3n de problem\u00e1ticas que se suscitan en el campo educativo y la oportunidad de elaborar planes de mejora mediante la autoevaluaci\u00f3n y retroalimentaci\u00f3n continua.<br \/><strong>-Desarrollo personal:<\/strong> reconoce la importancia del bienestar emocional y profesional de los docentes, fomentando su crecimiento personal, la gesti\u00f3n de las emociones y el equilibrio entre vida laboral y personal.<br \/><strong>-Innovaci\u00f3n educativa:<\/strong> estimula la vivencia con nuevas estrategias pedag\u00f3gicas, tecnolog\u00edas educativas y enfoques did\u00e1cticos para responder a las necesidades cambiantes de los estudiantes y la sociedad.<br \/><strong>Investigaci\u00f3n e intervenci\u00f3n educativa:<\/strong> promueve la participaci\u00f3n en proyectos de intervenci\u00f3n y aplicaci\u00f3n de evidencias basadas en la pr\u00e1ctica para mejorar la calidad de los procesos formativos.<\/p>\n<p>[\/et_pb_text][et_pb_slider _builder_version=\u00bb4.17.3&#8243; _module_preset=\u00bbdefault\u00bb global_colors_info=\u00bb{}\u00bb disabled_on=\u00bbon|on|on\u00bb disabled=\u00bbon\u00bb][et_pb_slide heading=\u00bbImagen 1&#8243; _builder_version=\u00bb4.17.3&#8243; _module_preset=\u00bbdefault\u00bb background_color=\u00bb#8F8F8F\u00bb background_enable_color=\u00bbon\u00bb global_colors_info=\u00bb{}\u00bb sticky_transition=\u00bbon\u00bb][\/et_pb_slide][et_pb_slide heading=\u00bbimagen 2&#8243; _builder_version=\u00bb4.17.3&#8243; _module_preset=\u00bbdefault\u00bb background_color=\u00bb#8F8F8F\u00bb background_enable_color=\u00bbon\u00bb global_colors_info=\u00bb{}\u00bb sticky_transition=\u00bbon\u00bb][\/et_pb_slide][\/et_pb_slider][\/et_pb_column][\/et_pb_row][\/et_pb_section]<\/p>\n","protected":false},"excerpt":{"rendered":"<p>Desarrollo profesional y formaci\u00f3n docente continuaLa funci\u00f3n de Desarrollo Profesional Docente refiere al conjunto de actividades, propuestas formativas y programas dise\u00f1ados para mejorar y fortalecer las habilidades, actitudes, aptitudes y conocimientos de los profesores en ejercicio de la docencia, gesti\u00f3n e investigaci\u00f3n. La funci\u00f3n del \u00c1rea contribuye a fortalecer los aspectos t\u00e9cnicos y pedag\u00f3gicos de [&hellip;]<\/p>\n","protected":false},"author":2,"featured_media":0,"parent":0,"menu_order":0,"comment_status":"closed","ping_status":"closed","template":"","meta":{"_et_pb_use_builder":"on","_et_pb_old_content":"<!-- wp:divi\/placeholder \/-->","_et_gb_content_width":"","footnotes":""},"class_list":["post-1730","page","type-page","status-publish","hentry"],"_links":{"self":[{"href":"https:\/\/ism.uccuyo.edu.ar\/es-ar\/index.php\/wp-json\/wp\/v2\/pages\/1730","targetHints":{"allow":["GET"]}}],"collection":[{"href":"https:\/\/ism.uccuyo.edu.ar\/es-ar\/index.php\/wp-json\/wp\/v2\/pages"}],"about":[{"href":"https:\/\/ism.uccuyo.edu.ar\/es-ar\/index.php\/wp-json\/wp\/v2\/types\/page"}],"author":[{"embeddable":true,"href":"https:\/\/ism.uccuyo.edu.ar\/es-ar\/index.php\/wp-json\/wp\/v2\/users\/2"}],"replies":[{"embeddable":true,"href":"https:\/\/ism.uccuyo.edu.ar\/es-ar\/index.php\/wp-json\/wp\/v2\/comments?post=1730"}],"version-history":[{"count":7,"href":"https:\/\/ism.uccuyo.edu.ar\/es-ar\/index.php\/wp-json\/wp\/v2\/pages\/1730\/revisions"}],"predecessor-version":[{"id":1774,"href":"https:\/\/ism.uccuyo.edu.ar\/es-ar\/index.php\/wp-json\/wp\/v2\/pages\/1730\/revisions\/1774"}],"wp:attachment":[{"href":"https:\/\/ism.uccuyo.edu.ar\/es-ar\/index.php\/wp-json\/wp\/v2\/media?parent=1730"}],"curies":[{"name":"wp","href":"https:\/\/api.w.org\/{rel}","templated":true}]}}